{"id":80,"date":"2013-05-24T23:10:09","date_gmt":"2013-05-24T21:10:09","guid":{"rendered":"http:\/\/kuur-blog.de\/?page_id=80"},"modified":"2013-05-25T07:27:14","modified_gmt":"2013-05-25T05:27:14","slug":"impressum","status":"publish","type":"page","link":"https:\/\/kuur-blog.de\/?page_id=80","title":{"rendered":"Impressum"},"content":{"rendered":"<p>&nbsp;<\/p>\n<p>&nbsp;<\/p>\n<p>Angaben gem\u00e4\u00df \u00a7 5 Telemediengesetz (TMG):<\/p>\n<p>Joachim Urbon<br \/>\nSchillerstra\u00dfe 36<br \/>\n71686 Remseck<\/p>\n<p>Kontakt:<br \/>\nE-Mail: admin@kuur-blog.de<\/p>\n<p>Verantwortlicher f\u00fcr den Inhalt ist gem\u00e4\u00df \u00a7 55 Abs. 2 RStV:<\/p>\n<p>Joachim Urbon<br \/>\nSchillerstra\u00dfe 36<br \/>\n71686 Remseck<\/p>\n<p>Ausschluss der Haftung:<\/p>\n<p>1. Haftung f\u00fcr Inhalte<\/p>\n<p>S\u00e4mtliche Inhalte unserer Internetseiten sind mit gr\u00f6\u00dftm\u00f6glicher Sorgfalt erstellt worden. Dennoch ist es uns nicht m\u00f6glich, eine Gew\u00e4hr daf\u00fcr zu \u00fcbernehmen, dass diese Inhalte richtig, vollst\u00e4ndig und aktuell sind. Wir sind gem\u00e4\u00df \u00a7 7 Abs. 1 TMG f\u00fcr die eigenen Inhalte auf unseren Internetseiten verantwortlich. Gem\u00e4\u00df den \u00a7\u00a7 8, 9 und 10 TMG besteht f\u00fcr uns allerdings keine Verpflichtung, dass wir Informationen von Dritten, die \u00fcbermittelt oder gespeichert wurden, \u00fcberwachen oder Umst\u00e4nde ausforschen m\u00fcssten, die Hinweise auf nicht rechtm\u00e4\u00dfige T\u00e4tigkeiten ergeben. Davon nicht ber\u00fchrt, ist unsere Verpflichtung zur Sperrung oder Entfernung von Informationen, welche uns von den allgemeinen Gesetzen auferlegt wird. Wir haften allerdings insoweit erst in dem Moment, in dem wir von einer konkreten Verletzung von Rechten Kenntnis erlangen. Wenn wir von einer solchen Verletzung von Rechten Kenntnis erlangen, wird eine unverz\u00fcgliche Entfernung der entsprechenden Inhalte erfolgen.<\/p>\n<p>2. Haftung f\u00fcr Links<\/p>\n<p>Unsere Internetseiten enthalten Links, die zu externen Internetseiten von Dritten f\u00fchren. Auf die Inhalte dieser externen Seiten haben wir keine Einflussm\u00f6glichkeiten. Es ist uns daher nicht m\u00f6glich, eine Gew\u00e4hr f\u00fcr diese Inhalte zu \u00fcbernehmen. Die Verantwortung daf\u00fcr hat immer der jeweilige Anbieter\/Betreiber der entsprechenden Internetseiten. Wir \u00fcberpr\u00fcfen die von uns verlinkten Internetseiten zum Zeitpunkt der Verlinkung auf einen m\u00f6glichen Rechtsversto\u00df. Die Verlinkung kommt nur dann zustande, wenn ein rechtswidriger Inhalt zu diesem Zeitpunkt nicht erkennbar ist. Es kann uns jedoch, ohne einen konkreten Anhaltspunkt, nicht zugemutet werden, st\u00e4ndig die verlinkten Internetseiten inhaltlich zu kontrollieren. Wenn wir jedoch von einer Rechtsverletzung Kenntnis erlangen, werden wir den entsprechenden Link unverz\u00fcglich entfernen.<\/p>\n<p>3. Urheberrecht<\/p>\n<p>Die auf unseren Internetseiten enthaltenen Werke und Inhalte unterstehen dem Urheberrecht. Ohne schriftliche Genehmigung des jeweiligen Erstellers oder Autors d\u00fcrfen die Werke bzw. Inhalte nicht vervielf\u00e4ltigt, bearbeitet, verbreitet und verwertet werden. Das Herunterladen und Kopieren unserer Internetseite ist f\u00fcr den privaten Gebrauch erlaubt, nicht jedoch f\u00fcr den kommerziellen. Wir weisen darauf hin, dass hinsichtlich der Inhalte auf unserer Internetseite, soweit sie nicht von uns erstellt worden sind, das Urheberrecht von Dritten beachtet wurde. Inhalte von Dritten erhalten als solche eine Kennzeichnung von uns. Wir w\u00e4ren Ihnen dankbar, wenn Sie uns einen Hinweis erteilen w\u00fcrden, falls Sie trotzdem auf eine Urheberrechtsverletzung gesto\u00dfen sind. Wenn wir von einer solchen Urheberrechtsverletzung Kenntnis erlangen, werden wir den entsprechenden Inhalt unverz\u00fcglich entfernen.<\/p>\n<p>4. Datenschutz<\/p>\n<p>Unsere Internetseite kann regelm\u00e4\u00dfig ohne die Angabe von personenbezogenen Daten genutzt werden. Falls solche Daten (z.B. Name, Adresse oder E-Mail) doch erhoben werden sollten, geschieht das, weitestgehend m\u00f6glich, freiwillig. Eine Weitergabe dieser Daten darf nur dann erfolgen, wenn Sie ausdr\u00fccklich zustimmen.<\/p>\n<p>Die \u00dcbertragung von Daten im Internet kann Sicherheitsl\u00fccken beinhalten. Es ist daher m\u00f6glich, dass Dritte Zugriff auf diese Daten erlangen. Ein l\u00fcckenloser Schutz ist nicht m\u00f6glich.<\/p>\n<p>Wir widersprechen an dieser Stelle der Nutzung unserer Kontaktdaten, die wir im Impressum ver\u00f6ffentlicht haben, durch Dritte, die uns damit nicht verlangte Werbung\/Informationsmaterial\/Spam-Mails zukommen lassen oder zukommen lassen wollen. Sollte dies doch geschehen, behalten wir uns rechtliche Schritte dagegen vor.<\/p>\n","protected":false},"excerpt":{"rendered":"<p>&nbsp; &nbsp; Angaben gem\u00e4\u00df \u00a7 5 Telemediengesetz (TMG): Joachim Urbon Schillerstra\u00dfe 36 71686 Remseck Kontakt: E-Mail: admin@kuur-blog.de Verantwortlicher f\u00fcr den Inhalt ist gem\u00e4\u00df \u00a7 55 Abs. 2 RStV: Joachim Urbon Schillerstra\u00dfe 36 71686 Remseck Ausschluss der Haftung: 1. Haftung f\u00fcr Inhalte S\u00e4mtliche Inhalte unserer Internetseiten sind mit gr\u00f6\u00dftm\u00f6glicher Sorgfalt erstellt worden. Dennoch ist es uns [&hellip;]<\/p>\n","protected":false},"author":1,"featured_media":35,"parent":0,"menu_order":0,"comment_status":"closed","ping_status":"closed","template":"","meta":{"ngg_post_thumbnail":0},"_links":{"self":[{"href":"https:\/\/kuur-blog.de\/index.php?rest_route=\/wp\/v2\/pages\/80"}],"collection":[{"href":"https:\/\/kuur-blog.de\/index.php?rest_route=\/wp\/v2\/pages"}],"about":[{"href":"https:\/\/kuur-blog.de\/index.php?rest_route=\/wp\/v2\/types\/page"}],"author":[{"embeddable":true,"href":"https:\/\/kuur-blog.de\/index.php?rest_route=\/wp\/v2\/users\/1"}],"replies":[{"embeddable":true,"href":"https:\/\/kuur-blog.de\/index.php?rest_route=%2Fwp%2Fv2%2Fcomments&post=80"}],"version-history":[{"count":4,"href":"https:\/\/kuur-blog.de\/index.php?rest_route=\/wp\/v2\/pages\/80\/revisions"}],"predecessor-version":[{"id":102,"href":"https:\/\/kuur-blog.de\/index.php?rest_route=\/wp\/v2\/pages\/80\/revisions\/102"}],"wp:featuredmedia":[{"embeddable":true,"href":"https:\/\/kuur-blog.de\/index.php?rest_route=\/wp\/v2\/media\/35"}],"wp:attachment":[{"href":"https:\/\/kuur-blog.de\/index.php?rest_route=%2Fwp%2Fv2%2Fmedia&parent=80"}],"curies":[{"name":"wp","href":"https:\/\/api.w.org\/{rel}","templated":true}]}}